{"id":471,"date":"2024-07-05T11:23:07","date_gmt":"2024-07-05T11:23:07","guid":{"rendered":"https:\/\/svetlauplanini.rs\/?page_id=471"},"modified":"2024-07-05T11:24:07","modified_gmt":"2024-07-05T11:24:07","slug":"tara","status":"publish","type":"page","link":"https:\/\/svetlauplanini.rs\/en\/tara\/","title":{"rendered":"Tara"},"content":{"rendered":"<div data-elementor-type=\"wp-page\" data-elementor-id=\"471\" class=\"elementor elementor-471\" data-elementor-post-type=\"page\">\n\t\t\t\t\t\t<section class=\"elementor-section elementor-top-section elementor-element elementor-element-8b85d17 elementor-section-boxed elementor-section-height-default elementor-section-height-default\" data-id=\"8b85d17\" data-element_type=\"section\" data-settings=\"{&quot;background_background&quot;:&quot;classic&quot;}\">\n\t\t\t\t\t\t\t<div class=\"elementor-background-overlay\"><\/div>\n\t\t\t\t\t\t\t<div class=\"elementor-container elementor-column-gap-default\">\n\t\t\t\t\t<div class=\"elementor-column elementor-col-100 elementor-top-column elementor-element elementor-element-be54591\" data-id=\"be54591\" data-element_type=\"column\">\n\t\t\t<div class=\"elementor-widget-wrap elementor-element-populated\">\n\t\t\t\t\t\t<div class=\"elementor-element elementor-element-2d087cc elementor-widget elementor-widget-heading\" data-id=\"2d087cc\" data-element_type=\"widget\" data-widget_type=\"heading.default\">\n\t\t\t\t<div class=\"elementor-widget-container\">\n\t\t\t<style>\/*! elementor - v3.22.0 - 17-06-2024 *\/\n.elementor-heading-title{padding:0;margin:0;line-height:1}.elementor-widget-heading .elementor-heading-title[class*=elementor-size-]>a{color:inherit;font-size:inherit;line-height:inherit}.elementor-widget-heading .elementor-heading-title.elementor-size-small{font-size:15px}.elementor-widget-heading .elementor-heading-title.elementor-size-medium{font-size:19px}.elementor-widget-heading .elementor-heading-title.elementor-size-large{font-size:29px}.elementor-widget-heading .elementor-heading-title.elementor-size-xl{font-size:39px}.elementor-widget-heading .elementor-heading-title.elementor-size-xxl{font-size:59px}<\/style><h2 class=\"elementor-heading-title elementor-size-default\">Tara<\/h2>\t\t<\/div>\n\t\t\t\t<\/div>\n\t\t\t\t<div class=\"elementor-element elementor-element-dda8f34 elementor-widget elementor-widget-text-editor\" data-id=\"dda8f34\" data-element_type=\"widget\" data-widget_type=\"text-editor.default\">\n\t\t\t\t<div class=\"elementor-widget-container\">\n\t\t\t<style>\/*! elementor - v3.22.0 - 17-06-2024 *\/\n.elementor-widget-text-editor.elementor-drop-cap-view-stacked .elementor-drop-cap{background-color:#69727d;color:#fff}.elementor-widget-text-editor.elementor-drop-cap-view-framed .elementor-drop-cap{color:#69727d;border:3px solid;background-color:transparent}.elementor-widget-text-editor:not(.elementor-drop-cap-view-default) .elementor-drop-cap{margin-top:8px}.elementor-widget-text-editor:not(.elementor-drop-cap-view-default) .elementor-drop-cap-letter{width:1em;height:1em}.elementor-widget-text-editor .elementor-drop-cap{float:left;text-align:center;line-height:1;font-size:50px}.elementor-widget-text-editor .elementor-drop-cap-letter{display:inline-block}<\/style>\t\t\t\t<p>Planina Tara, sme\u0161tena u zapadnoj Srbiji, predstavlja jedno od najlep\u0161ih prirodnih bogatstava Balkanskog poluostrva. Ova planina je poznata po svojoj netaknutoj prirodi, bogatoj flori i fauni, kao i predivnim pejza\u017eima, \u0161to je \u010dini omiljenom destinacijom ljubitelja prirode i avanturista.<\/p><p><strong>Prirodne lepote i ekosistem<\/strong><\/p><p>Tara je prepoznatljiva po svojim gustim \u0161umama koje \u010dine najve\u0107i deo njene povr\u0161ine. Tu se nalazi i Nacionalni park Tara, koji zauzima povr\u0161inu od 19.175 hektara. Ovaj park je dom mnogim retkim i za\u0161ti\u0107enim vrstama biljaka i \u017eivotinja. Jedna od najpoznatijih vrsta je Pan\u010di\u0107eva omorika, endemsko drvo koje je otkrio \u010duveni srpski botani\u010dar Josif Pan\u010di\u0107.<\/p><p><strong>Kulturno-istorijsko nasle\u0111e<\/strong><\/p><p>Pored prirodnih lepota, Tara ima bogatu kulturnu i istorijsku ba\u0161tinu. Na ovoj planini nalaze se brojne crkve, manastiri i srednjovekovni gradovi. Manastir Ra\u010da, koji poti\u010de iz 13. veka, jedno je od najva\u017enijih kulturno-istorijskih spomenika na Tari. Tako\u0111e, u ovom regionu nalaze se i ostaci srednjovekovnih gradova poput Solotnika i Kalinovca.<\/p><p><strong>Rekreacija i turizam<\/strong><\/p><p>Planina Tara je idealna destinacija za ljubitelje aktivnog odmora. Pru\u017ea brojne mogu\u0107nosti za pe\u0161a\u010denje, planinarenje, biciklizam, ribolov i splavarenje rekom Drinom. Jezero Peru\u0107ac, koje se nalazi u blizini, tako\u0111e je popularno mesto za kupanje i ribolov. U zimskom periodu, Tara je atraktivna destinacija za skijanje i druge zimske sportove.<\/p><p><strong>Ekolo\u0161ki zna\u010daj<\/strong><\/p><p>Tara ima izuzetan ekolo\u0161ki zna\u010daj zbog svoje bioraznovrsnosti i o\u010duvanih prirodnih stani\u0161ta. Nacionalni park Tara je progla\u0161en za\u0161ti\u0107enim podru\u010djem zbog svoje jedinstvene prirodne ba\u0161tine i napora za o\u010duvanje ekosistema.<\/p><p><strong>Zaklju\u010dak<\/strong><\/p><p>Planina Tara je pravi dragulj Srbije, koji svojim posetiocima nudi kombinaciju netaknute prirode, bogate istorije i brojnih mogu\u0107nosti za rekreaciju. Bilo da ste ljubitelj prirode, istorije ili avanture, Tara ima ne\u0161to za svakoga.<\/p>\t\t\t\t\t\t<\/div>\n\t\t\t\t<\/div>\n\t\t\t\t\t<\/div>\n\t\t<\/div>\n\t\t\t\t\t<\/div>\n\t\t<\/section>\n\t\t\t\t<\/div>","protected":false},"excerpt":{"rendered":"<p>Tara Planina Tara, sme\u0161tena u zapadnoj Srbiji, predstavlja jedno od najlep\u0161ih prirodnih bogatstava Balkanskog poluostrva. Ova planina je poznata po svojoj netaknutoj prirodi, bogatoj flori i fauni, kao i predivnim pejza\u017eima, \u0161to je \u010dini omiljenom destinacijom ljubitelja prirode i avanturista. Prirodne lepote i ekosistem Tara je prepoznatljiva po svojim gustim \u0161umama koje \u010dine najve\u0107i deo [\u2026]<\/p>","protected":false},"author":1,"featured_media":0,"parent":0,"menu_order":0,"comment_status":"closed","ping_status":"closed","template":"","meta":{"footnotes":""},"class_list":["post-471","page","type-page","status-publish","hentry"],"_links":{"self":[{"href":"https:\/\/svetlauplanini.rs\/en\/wp-json\/wp\/v2\/pages\/471","targetHints":{"allow":["GET"]}}],"collection":[{"href":"https:\/\/svetlauplanini.rs\/en\/wp-json\/wp\/v2\/pages"}],"about":[{"href":"https:\/\/svetlauplanini.rs\/en\/wp-json\/wp\/v2\/types\/page"}],"author":[{"embeddable":true,"href":"https:\/\/svetlauplanini.rs\/en\/wp-json\/wp\/v2\/users\/1"}],"replies":[{"embeddable":true,"href":"https:\/\/svetlauplanini.rs\/en\/wp-json\/wp\/v2\/comments?post=471"}],"version-history":[{"count":4,"href":"https:\/\/svetlauplanini.rs\/en\/wp-json\/wp\/v2\/pages\/471\/revisions"}],"predecessor-version":[{"id":475,"href":"https:\/\/svetlauplanini.rs\/en\/wp-json\/wp\/v2\/pages\/471\/revisions\/475"}],"wp:attachment":[{"href":"https:\/\/svetlauplanini.rs\/en\/wp-json\/wp\/v2\/media?parent=471"}],"curies":[{"name":"wp","href":"https:\/\/api.w.org\/{rel}","templated":true}]}}