{"id":460,"date":"2024-07-05T10:38:06","date_gmt":"2024-07-05T10:38:06","guid":{"rendered":"https:\/\/svetlauplanini.rs\/?page_id=460"},"modified":"2024-07-05T11:19:21","modified_gmt":"2024-07-05T11:19:21","slug":"off-road","status":"publish","type":"page","link":"https:\/\/svetlauplanini.rs\/en\/off-road\/","title":{"rendered":"Off road"},"content":{"rendered":"<div data-elementor-type=\"wp-page\" data-elementor-id=\"460\" class=\"elementor elementor-460\" data-elementor-post-type=\"page\">\n\t\t\t\t\t\t<section class=\"elementor-section elementor-top-section elementor-element elementor-element-8b85d17 elementor-section-boxed elementor-section-height-default elementor-section-height-default\" data-id=\"8b85d17\" data-element_type=\"section\" data-settings=\"{&quot;background_background&quot;:&quot;classic&quot;}\">\n\t\t\t\t\t\t\t<div class=\"elementor-background-overlay\"><\/div>\n\t\t\t\t\t\t\t<div class=\"elementor-container elementor-column-gap-default\">\n\t\t\t\t\t<div class=\"elementor-column elementor-col-100 elementor-top-column elementor-element elementor-element-be54591\" data-id=\"be54591\" data-element_type=\"column\">\n\t\t\t<div class=\"elementor-widget-wrap elementor-element-populated\">\n\t\t\t\t\t\t<div class=\"elementor-element elementor-element-2d087cc elementor-widget elementor-widget-heading\" data-id=\"2d087cc\" data-element_type=\"widget\" data-widget_type=\"heading.default\">\n\t\t\t\t<div class=\"elementor-widget-container\">\n\t\t\t<style>\/*! elementor - v3.22.0 - 17-06-2024 *\/\n.elementor-heading-title{padding:0;margin:0;line-height:1}.elementor-widget-heading .elementor-heading-title[class*=elementor-size-]>a{color:inherit;font-size:inherit;line-height:inherit}.elementor-widget-heading .elementor-heading-title.elementor-size-small{font-size:15px}.elementor-widget-heading .elementor-heading-title.elementor-size-medium{font-size:19px}.elementor-widget-heading .elementor-heading-title.elementor-size-large{font-size:29px}.elementor-widget-heading .elementor-heading-title.elementor-size-xl{font-size:39px}.elementor-widget-heading .elementor-heading-title.elementor-size-xxl{font-size:59px}<\/style><h2 class=\"elementor-heading-title elementor-size-default\">Off road Tara<\/h2>\t\t<\/div>\n\t\t\t\t<\/div>\n\t\t\t\t<div class=\"elementor-element elementor-element-dda8f34 elementor-widget elementor-widget-text-editor\" data-id=\"dda8f34\" data-element_type=\"widget\" data-widget_type=\"text-editor.default\">\n\t\t\t\t<div class=\"elementor-widget-container\">\n\t\t\t<style>\/*! elementor - v3.22.0 - 17-06-2024 *\/\n.elementor-widget-text-editor.elementor-drop-cap-view-stacked .elementor-drop-cap{background-color:#69727d;color:#fff}.elementor-widget-text-editor.elementor-drop-cap-view-framed .elementor-drop-cap{color:#69727d;border:3px solid;background-color:transparent}.elementor-widget-text-editor:not(.elementor-drop-cap-view-default) .elementor-drop-cap{margin-top:8px}.elementor-widget-text-editor:not(.elementor-drop-cap-view-default) .elementor-drop-cap-letter{width:1em;height:1em}.elementor-widget-text-editor .elementor-drop-cap{float:left;text-align:center;line-height:1;font-size:50px}.elementor-widget-text-editor .elementor-drop-cap-letter{display:inline-block}<\/style>\t\t\t\tOff road Tara predstavlja jedinstvenu turu koja uklju\u010duje vo\u017enju sporednim putevima kroz prelepe i skrivene delove planine Tare. Lokalni vodi\u010di su tu da vam lepotu Tare prenesu na jedinstven na\u010din, uz usputni obilazak najatrkativnijih delova na planini Tari. Uz to, otkri\u0107e vam i tajne o ovoj zelenoj planini koje do sada niste \u010duli.\t\t\t\t\t\t<\/div>\n\t\t\t\t<\/div>\n\t\t\t\t<div class=\"elementor-element elementor-element-bb0c1c6 elementor-widget elementor-widget-image\" data-id=\"bb0c1c6\" data-element_type=\"widget\" data-widget_type=\"image.default\">\n\t\t\t\t<div class=\"elementor-widget-container\">\n\t\t\t<style>\/*! elementor - v3.22.0 - 17-06-2024 *\/\n.elementor-widget-image{text-align:center}.elementor-widget-image a{display:inline-block}.elementor-widget-image a img[src$=\".svg\"]{width:48px}.elementor-widget-image img{vertical-align:middle;display:inline-block}<\/style>\t\t\t\t\t\t\t\t\t\t<img fetchpriority=\"high\" decoding=\"async\" width=\"1600\" height=\"738\" src=\"https:\/\/svetlauplanini.rs\/wp-content\/uploads\/2024\/07\/IMG-2b95d781de278409e2bba0249c3f715b-V.jpg\" class=\"attachment-full size-full wp-image-464\" alt=\"\" srcset=\"https:\/\/svetlauplanini.rs\/wp-content\/uploads\/2024\/07\/IMG-2b95d781de278409e2bba0249c3f715b-V.jpg 1600w, https:\/\/svetlauplanini.rs\/wp-content\/uploads\/2024\/07\/IMG-2b95d781de278409e2bba0249c3f715b-V-300x138.jpg 300w, https:\/\/svetlauplanini.rs\/wp-content\/uploads\/2024\/07\/IMG-2b95d781de278409e2bba0249c3f715b-V-1024x472.jpg 1024w, https:\/\/svetlauplanini.rs\/wp-content\/uploads\/2024\/07\/IMG-2b95d781de278409e2bba0249c3f715b-V-768x354.jpg 768w, https:\/\/svetlauplanini.rs\/wp-content\/uploads\/2024\/07\/IMG-2b95d781de278409e2bba0249c3f715b-V-1536x708.jpg 1536w, https:\/\/svetlauplanini.rs\/wp-content\/uploads\/2024\/07\/IMG-2b95d781de278409e2bba0249c3f715b-V-18x8.jpg 18w\" sizes=\"(max-width: 1600px) 100vw, 1600px\" \/>\t\t\t\t\t\t\t\t\t\t\t\t\t<\/div>\n\t\t\t\t<\/div>\n\t\t\t\t\t<\/div>\n\t\t<\/div>\n\t\t\t\t\t<\/div>\n\t\t<\/section>\n\t\t\t\t<\/div>","protected":false},"excerpt":{"rendered":"<p>Off road Tara Off road Tara predstavlja jedinstvenu turu koja uklju\u010duje vo\u017enju sporednim putevima kroz prelepe i skrivene delove planine Tare. Lokalni vodi\u010di su tu da vam lepotu Tare prenesu na jedinstven na\u010din, uz usputni obilazak najatrkativnijih delova na planini Tari. Uz to, otkri\u0107e vam i tajne o ovoj zelenoj planini koje do sada niste [\u2026]<\/p>","protected":false},"author":1,"featured_media":0,"parent":0,"menu_order":0,"comment_status":"closed","ping_status":"closed","template":"","meta":{"footnotes":""},"class_list":["post-460","page","type-page","status-publish","hentry"],"_links":{"self":[{"href":"https:\/\/svetlauplanini.rs\/en\/wp-json\/wp\/v2\/pages\/460","targetHints":{"allow":["GET"]}}],"collection":[{"href":"https:\/\/svetlauplanini.rs\/en\/wp-json\/wp\/v2\/pages"}],"about":[{"href":"https:\/\/svetlauplanini.rs\/en\/wp-json\/wp\/v2\/types\/page"}],"author":[{"embeddable":true,"href":"https:\/\/svetlauplanini.rs\/en\/wp-json\/wp\/v2\/users\/1"}],"replies":[{"embeddable":true,"href":"https:\/\/svetlauplanini.rs\/en\/wp-json\/wp\/v2\/comments?post=460"}],"version-history":[{"count":7,"href":"https:\/\/svetlauplanini.rs\/en\/wp-json\/wp\/v2\/pages\/460\/revisions"}],"predecessor-version":[{"id":470,"href":"https:\/\/svetlauplanini.rs\/en\/wp-json\/wp\/v2\/pages\/460\/revisions\/470"}],"wp:attachment":[{"href":"https:\/\/svetlauplanini.rs\/en\/wp-json\/wp\/v2\/media?parent=460"}],"curies":[{"name":"wp","href":"https:\/\/api.w.org\/{rel}","templated":true}]}}